{"id":163,"date":"2008-03-19T21:17:55","date_gmt":"2008-03-19T20:17:55","guid":{"rendered":"http:\/\/backuparcheofacts.wordpress.com\/?page_id=157"},"modified":"2019-01-09T14:40:30","modified_gmt":"2019-01-09T14:40:30","slug":"a-propos","status":"publish","type":"page","link":"http:\/\/archeofacts.ch\/blog\/?page_id=163","title":{"rendered":"A propos de moi"},"content":{"rendered":"<p>Arch\u00e9ologue de profession, j\u2019aime \u00eatre sur le terrain, et ouvrir le sol pour aller \u00e0 la rencontre du pass\u00e9. Titulaire d\u2019un doctorat en sciences humaines, je manifeste un vif int\u00e9r\u00eat pour les recherches en arch\u00e9ologie, astronomie, c\u00e9ramologie, \u00e9pist\u00e9mologie, ethnologie, g\u00e9ographie, g\u00e9ologie, histoire, informatique, pal\u00e9ontologie, statistique et syst\u00e9mique, entre autres domaines.<\/p>\n<p>J&#8217;ai cr\u00e9\u00e9 une soci\u00e9t\u00e9 qui porte le nom de <a href=\"http:\/\/www.archeofacts.ch\/musardage\/\" target=\"_blank\"><strong>Musardage<\/strong><\/a>, qui offre des services dans le domaine des technologies de l&#8217;information et dans le domaine de la m\u00e9diation culturelle:<\/p>\n<ul>\n<li>Cr\u00e9ation de mini-sites pour des expositions (comme accompagnement ou deuxi\u00e8me existence d&#8217;une exposition)<\/li>\n<li>R\u00e9alisation d&#8217;enqu\u00eates en ligne et exploitation des donn\u00e9es statistiques<\/li>\n<li>Repr\u00e9sentation de donn\u00e9es sous forme de cartes et\/ou de frises chronologiques (Exemple: les empereurs romains)<\/li>\n<li>R\u00e9alisation de repr\u00e9sentations en 3D (Second Life et Open Sim)<\/li>\n<li>Conseil dans l&#8217;utilisation du Web 2.0 (blog, wiki, outils collaboratifs)<\/li>\n<li>Diverses mises en valeur du patrimoine culturel (Exemple: calendrier de l&#8217;Avent en ligne)<\/li>\n<\/ul>\n<p>En outre, j&#8217;\u00e9cris r\u00e9guli\u00e8rement des notes dans ce blog sur l&#8217;actualit\u00e9 de l&#8217;arch\u00e9ologie.<\/p>\n<div id=\"fb_share_1\" style=\"float: right; margin-left: 10px;\"><a name=\"fb_share\" type=\"icon_link\" share_url=\"http:\/\/archeofacts.ch\/blog\/?page_id=163\" href=\"http:\/\/www.facebook.com\/sharer.php\">Share<\/a><\/div><div><script src=\"http:\/\/static.ak.fbcdn.net\/connect.php\/js\/FB.Share\" type=\"text\/javascript\"><\/script><\/div>","protected":false},"excerpt":{"rendered":"<p>Arch\u00e9ologue de profession, j\u2019aime \u00eatre sur le terrain, et ouvrir le sol pour aller \u00e0 la rencontre du pass\u00e9. Titulaire d\u2019un doctorat en sciences humaines, je manifeste un vif int\u00e9r\u00eat pour les recherches en arch\u00e9ologie, astronomie, c\u00e9ramologie, \u00e9pist\u00e9mologie, ethnologie, g\u00e9ographie, &hellip; <a href=\"http:\/\/archeofacts.ch\/blog\/?page_id=163\">Continue reading <span class=\"meta-nav\">&rarr;<\/span><\/a><\/p>\n","protected":false},"author":1,"featured_media":0,"parent":0,"menu_order":0,"comment_status":"open","ping_status":"open","template":"","meta":[],"_links":{"self":[{"href":"http:\/\/archeofacts.ch\/blog\/index.php?rest_route=\/wp\/v2\/pages\/163"}],"collection":[{"href":"http:\/\/archeofacts.ch\/blog\/index.php?rest_route=\/wp\/v2\/pages"}],"about":[{"href":"http:\/\/archeofacts.ch\/blog\/index.php?rest_route=\/wp\/v2\/types\/page"}],"author":[{"embeddable":true,"href":"http:\/\/archeofacts.ch\/blog\/index.php?rest_route=\/wp\/v2\/users\/1"}],"replies":[{"embeddable":true,"href":"http:\/\/archeofacts.ch\/blog\/index.php?rest_route=%2Fwp%2Fv2%2Fcomments&post=163"}],"version-history":[{"count":9,"href":"http:\/\/archeofacts.ch\/blog\/index.php?rest_route=\/wp\/v2\/pages\/163\/revisions"}],"predecessor-version":[{"id":673,"href":"http:\/\/archeofacts.ch\/blog\/index.php?rest_route=\/wp\/v2\/pages\/163\/revisions\/673"}],"wp:attachment":[{"href":"http:\/\/archeofacts.ch\/blog\/index.php?rest_route=%2Fwp%2Fv2%2Fmedia&parent=163"}],"curies":[{"name":"wp","href":"https:\/\/api.w.org\/{rel}","templated":true}]}}