{"id":664,"date":"2011-06-03T22:21:25","date_gmt":"2011-06-03T22:21:25","guid":{"rendered":"http:\/\/archeofacts.ch\/blog\/?page_id=664"},"modified":"2014-02-16T16:04:50","modified_gmt":"2014-02-16T16:04:50","slug":"services","status":"publish","type":"page","link":"http:\/\/archeofacts.ch\/blog\/?page_id=664","title":{"rendered":"Musardage"},"content":{"rendered":"<p>R\u00e9seautage<br \/>\nVirtualisation<br \/>\nG\u00e9olocalisation<br \/>\nM\u00e9diation<br \/>\nSite internet<br \/>\nConseil<\/p>\n<div id=\"fb_share_1\" style=\"float: right; margin-left: 10px;\"><a name=\"fb_share\" type=\"icon_link\" share_url=\"http:\/\/archeofacts.ch\/blog\/?page_id=664\" href=\"http:\/\/www.facebook.com\/sharer.php\">Share<\/a><\/div><div><script src=\"http:\/\/static.ak.fbcdn.net\/connect.php\/js\/FB.Share\" type=\"text\/javascript\"><\/script><\/div>","protected":false},"excerpt":{"rendered":"<p>R\u00e9seautage Virtualisation G\u00e9olocalisation M\u00e9diation Site internet Conseil Share<\/p>\n","protected":false},"author":1,"featured_media":0,"parent":0,"menu_order":2,"comment_status":"open","ping_status":"open","template":"","meta":[],"_links":{"self":[{"href":"http:\/\/archeofacts.ch\/blog\/index.php?rest_route=\/wp\/v2\/pages\/664"}],"collection":[{"href":"http:\/\/archeofacts.ch\/blog\/index.php?rest_route=\/wp\/v2\/pages"}],"about":[{"href":"http:\/\/archeofacts.ch\/blog\/index.php?rest_route=\/wp\/v2\/types\/page"}],"author":[{"embeddable":true,"href":"http:\/\/archeofacts.ch\/blog\/index.php?rest_route=\/wp\/v2\/users\/1"}],"replies":[{"embeddable":true,"href":"http:\/\/archeofacts.ch\/blog\/index.php?rest_route=%2Fwp%2Fv2%2Fcomments&post=664"}],"version-history":[{"count":3,"href":"http:\/\/archeofacts.ch\/blog\/index.php?rest_route=\/wp\/v2\/pages\/664\/revisions"}],"predecessor-version":[{"id":1243,"href":"http:\/\/archeofacts.ch\/blog\/index.php?rest_route=\/wp\/v2\/pages\/664\/revisions\/1243"}],"wp:attachment":[{"href":"http:\/\/archeofacts.ch\/blog\/index.php?rest_route=%2Fwp%2Fv2%2Fmedia&parent=664"}],"curies":[{"name":"wp","href":"https:\/\/api.w.org\/{rel}","templated":true}]}}