{"id":668,"date":"2011-06-03T22:24:09","date_gmt":"2011-06-03T22:24:09","guid":{"rendered":"http:\/\/archeofacts.ch\/blog\/?page_id=668"},"modified":"2014-02-16T16:05:43","modified_gmt":"2014-02-16T16:05:43","slug":"reseautage","status":"publish","type":"page","link":"http:\/\/archeofacts.ch\/blog\/?page_id=668","title":{"rendered":"R\u00e9seautage"},"content":{"rendered":"<p>Aujourd\u2019hui \u00eatre en relation avec la soci\u00e9t\u00e9 et participer \u00e0 son d\u00e9veloppement, n\u00e9cessite de plus en plus l\u2019usage des nouvelles technologies de l\u2019information.\u00a0 Il y a beaucoup de personnes qui sont atteignables \u00e0 travers des r\u00e9seaux sociaux. <strong>Musardage<\/strong> se propose de vous permettre d\u2019avoir des \u00e9changes avec les internautes et de vous aider dans la mise en place de votre interface avec les r\u00e9seaux sociaux comme Facebook ou Twitter.<\/p>\n<div id=\"fb_share_1\" style=\"float: right; margin-left: 10px;\"><a name=\"fb_share\" type=\"icon_link\" share_url=\"http:\/\/archeofacts.ch\/blog\/?page_id=668\" href=\"http:\/\/www.facebook.com\/sharer.php\">Share<\/a><\/div><div><script src=\"http:\/\/static.ak.fbcdn.net\/connect.php\/js\/FB.Share\" type=\"text\/javascript\"><\/script><\/div>","protected":false},"excerpt":{"rendered":"<p>Aujourd\u2019hui \u00eatre en relation avec la soci\u00e9t\u00e9 et participer \u00e0 son d\u00e9veloppement, n\u00e9cessite de plus en plus l\u2019usage des nouvelles technologies de l\u2019information.\u00a0 Il y a beaucoup de personnes qui sont atteignables \u00e0 travers des r\u00e9seaux sociaux. Musardage se propose &hellip; <a href=\"http:\/\/archeofacts.ch\/blog\/?page_id=668\">Continue reading <span class=\"meta-nav\">&rarr;<\/span><\/a><\/p>\n","protected":false},"author":1,"featured_media":0,"parent":664,"menu_order":1,"comment_status":"open","ping_status":"open","template":"","meta":[],"_links":{"self":[{"href":"http:\/\/archeofacts.ch\/blog\/index.php?rest_route=\/wp\/v2\/pages\/668"}],"collection":[{"href":"http:\/\/archeofacts.ch\/blog\/index.php?rest_route=\/wp\/v2\/pages"}],"about":[{"href":"http:\/\/archeofacts.ch\/blog\/index.php?rest_route=\/wp\/v2\/types\/page"}],"author":[{"embeddable":true,"href":"http:\/\/archeofacts.ch\/blog\/index.php?rest_route=\/wp\/v2\/users\/1"}],"replies":[{"embeddable":true,"href":"http:\/\/archeofacts.ch\/blog\/index.php?rest_route=%2Fwp%2Fv2%2Fcomments&post=668"}],"version-history":[{"count":2,"href":"http:\/\/archeofacts.ch\/blog\/index.php?rest_route=\/wp\/v2\/pages\/668\/revisions"}],"predecessor-version":[{"id":1244,"href":"http:\/\/archeofacts.ch\/blog\/index.php?rest_route=\/wp\/v2\/pages\/668\/revisions\/1244"}],"up":[{"embeddable":true,"href":"http:\/\/archeofacts.ch\/blog\/index.php?rest_route=\/wp\/v2\/pages\/664"}],"wp:attachment":[{"href":"http:\/\/archeofacts.ch\/blog\/index.php?rest_route=%2Fwp%2Fv2%2Fmedia&parent=668"}],"curies":[{"name":"wp","href":"https:\/\/api.w.org\/{rel}","templated":true}]}}