{"id":670,"date":"2011-06-03T22:27:18","date_gmt":"2011-06-03T22:27:18","guid":{"rendered":"http:\/\/archeofacts.ch\/blog\/?page_id=670"},"modified":"2011-06-14T15:02:59","modified_gmt":"2011-06-14T15:02:59","slug":"virtualisation","status":"publish","type":"page","link":"http:\/\/archeofacts.ch\/blog\/?page_id=670","title":{"rendered":"Virtualisation"},"content":{"rendered":"<p>Nous pouvons r\u00e9aliser des maquettes virtuelles d&#8217;\u00e9difices antiques ou d&#8217;installations pr\u00e9historiques. Ces maquettes peuvent \u00eatre accessibles sur Internet ou sur un ordinateur dans un mus\u00e9e. Elles peuvent faire l&#8217;objet d&#8217;animations attractives pour les visiteurs.<\/p>\n<p><a href=\"http:\/\/archeofacts.ch\/blog\/wp-content\/uploads\/2011\/06\/Mysteres03.jpg\"><img decoding=\"async\" loading=\"lazy\" class=\"alignnone size-large wp-image-785\" title=\"Mysteres03\" src=\"http:\/\/archeofacts.ch\/blog\/wp-content\/uploads\/2011\/06\/Mysteres03-1024x480.jpg\" alt=\"Villa des Myst\u00e8res\" width=\"500\" height=\"234\" srcset=\"http:\/\/archeofacts.ch\/blog\/wp-content\/uploads\/2011\/06\/Mysteres03-1024x480.jpg 1024w, http:\/\/archeofacts.ch\/blog\/wp-content\/uploads\/2011\/06\/Mysteres03-300x140.jpg 300w, http:\/\/archeofacts.ch\/blog\/wp-content\/uploads\/2011\/06\/Mysteres03.jpg 1280w\" sizes=\"(max-width: 500px) 100vw, 500px\" \/><\/a><\/p>\n<div id=\"fb_share_1\" style=\"float: right; margin-left: 10px;\"><a name=\"fb_share\" type=\"icon_link\" share_url=\"http:\/\/archeofacts.ch\/blog\/?page_id=670\" href=\"http:\/\/www.facebook.com\/sharer.php\">Share<\/a><\/div><div><script src=\"http:\/\/static.ak.fbcdn.net\/connect.php\/js\/FB.Share\" type=\"text\/javascript\"><\/script><\/div>","protected":false},"excerpt":{"rendered":"<p>Nous pouvons r\u00e9aliser des maquettes virtuelles d&#8217;\u00e9difices antiques ou d&#8217;installations pr\u00e9historiques. Ces maquettes peuvent \u00eatre accessibles sur Internet ou sur un ordinateur dans un mus\u00e9e. Elles peuvent faire l&#8217;objet d&#8217;animations attractives pour les visiteurs. Share<\/p>\n","protected":false},"author":1,"featured_media":0,"parent":664,"menu_order":2,"comment_status":"open","ping_status":"open","template":"","meta":[],"_links":{"self":[{"href":"http:\/\/archeofacts.ch\/blog\/index.php?rest_route=\/wp\/v2\/pages\/670"}],"collection":[{"href":"http:\/\/archeofacts.ch\/blog\/index.php?rest_route=\/wp\/v2\/pages"}],"about":[{"href":"http:\/\/archeofacts.ch\/blog\/index.php?rest_route=\/wp\/v2\/types\/page"}],"author":[{"embeddable":true,"href":"http:\/\/archeofacts.ch\/blog\/index.php?rest_route=\/wp\/v2\/users\/1"}],"replies":[{"embeddable":true,"href":"http:\/\/archeofacts.ch\/blog\/index.php?rest_route=%2Fwp%2Fv2%2Fcomments&post=670"}],"version-history":[{"count":4,"href":"http:\/\/archeofacts.ch\/blog\/index.php?rest_route=\/wp\/v2\/pages\/670\/revisions"}],"predecessor-version":[{"id":799,"href":"http:\/\/archeofacts.ch\/blog\/index.php?rest_route=\/wp\/v2\/pages\/670\/revisions\/799"}],"up":[{"embeddable":true,"href":"http:\/\/archeofacts.ch\/blog\/index.php?rest_route=\/wp\/v2\/pages\/664"}],"wp:attachment":[{"href":"http:\/\/archeofacts.ch\/blog\/index.php?rest_route=%2Fwp%2Fv2%2Fmedia&parent=670"}],"curies":[{"name":"wp","href":"https:\/\/api.w.org\/{rel}","templated":true}]}}