{"id":675,"date":"2011-06-03T22:54:32","date_gmt":"2011-06-03T22:54:32","guid":{"rendered":"http:\/\/archeofacts.ch\/blog\/?page_id=675"},"modified":"2011-06-14T11:52:28","modified_gmt":"2011-06-14T11:52:28","slug":"geolocalisation","status":"publish","type":"page","link":"http:\/\/archeofacts.ch\/blog\/?page_id=675","title":{"rendered":"G\u00e9olocalisation"},"content":{"rendered":"<p>De nombreuses plateformes offrent des informations sur des emplacements comme des restaurants, des magasins, des lieux culturels. Nous pouvons vous aider \u00e0 vous rendre visible dans Google Maps et \u00e0 faire votre publicit\u00e9 \u00e0 travers Google Places.<\/p>\n<p><a href=\"http:\/\/archeofacts.ch\/blog\/wp-content\/uploads\/2011\/06\/Geolocal3.jpg\"><img decoding=\"async\" loading=\"lazy\" class=\"alignnone size-full wp-image-696\" title=\"Geolocal3\" src=\"http:\/\/archeofacts.ch\/blog\/wp-content\/uploads\/2011\/06\/Geolocal3.jpg\" alt=\"\" width=\"400\" height=\"278\" srcset=\"http:\/\/archeofacts.ch\/blog\/wp-content\/uploads\/2011\/06\/Geolocal3.jpg 400w, http:\/\/archeofacts.ch\/blog\/wp-content\/uploads\/2011\/06\/Geolocal3-300x208.jpg 300w\" sizes=\"(max-width: 400px) 100vw, 400px\" \/><\/a><\/p>\n<p>Les donn\u00e9es li\u00e9es \u00e0 une exposition, \u00e0 une publication ou \u00e0 un site Internet peuvent souvent \u00eatre repr\u00e9sent\u00e9es \u00e0 la fois sur une carte de g\u00e9ographie et sur une frise chronologique. C\u2019est une mani\u00e8re de repr\u00e9senter les informations particuli\u00e8rement attractive pour le grand public. Nous pouvons r\u00e9aliser pour vous de telles repr\u00e9sentations.<\/p>\n<p><a href=\"http:\/\/archeofacts.ch\/blog\/wp-content\/uploads\/2011\/06\/Empereurs03.jpg\"><img decoding=\"async\" loading=\"lazy\" class=\"alignnone size-large wp-image-788\" title=\"Empereurs03\" src=\"http:\/\/archeofacts.ch\/blog\/wp-content\/uploads\/2011\/06\/Empereurs03-1024x487.jpg\" alt=\"\" width=\"500\" height=\"237\" srcset=\"http:\/\/archeofacts.ch\/blog\/wp-content\/uploads\/2011\/06\/Empereurs03-1024x487.jpg 1024w, http:\/\/archeofacts.ch\/blog\/wp-content\/uploads\/2011\/06\/Empereurs03-300x142.jpg 300w, http:\/\/archeofacts.ch\/blog\/wp-content\/uploads\/2011\/06\/Empereurs03.jpg 1162w\" sizes=\"(max-width: 500px) 100vw, 500px\" \/><\/a><\/p>\n<p>Exemple : <a href=\"http:\/\/be-virtual.ch\/geo\/imperatorestmlayout.html\" target=\"_blank\">les empereurs romains<\/a><\/p>\n<div id=\"fb_share_1\" style=\"float: right; margin-left: 10px;\"><a name=\"fb_share\" type=\"icon_link\" share_url=\"http:\/\/archeofacts.ch\/blog\/?page_id=675\" href=\"http:\/\/www.facebook.com\/sharer.php\">Share<\/a><\/div><div><script src=\"http:\/\/static.ak.fbcdn.net\/connect.php\/js\/FB.Share\" type=\"text\/javascript\"><\/script><\/div>","protected":false},"excerpt":{"rendered":"<p>De nombreuses plateformes offrent des informations sur des emplacements comme des restaurants, des magasins, des lieux culturels. Nous pouvons vous aider \u00e0 vous rendre visible dans Google Maps et \u00e0 faire votre publicit\u00e9 \u00e0 travers Google Places. Les donn\u00e9es li\u00e9es &hellip; <a href=\"http:\/\/archeofacts.ch\/blog\/?page_id=675\">Continue reading <span class=\"meta-nav\">&rarr;<\/span><\/a><\/p>\n","protected":false},"author":1,"featured_media":0,"parent":664,"menu_order":3,"comment_status":"open","ping_status":"open","template":"","meta":[],"_links":{"self":[{"href":"http:\/\/archeofacts.ch\/blog\/index.php?rest_route=\/wp\/v2\/pages\/675"}],"collection":[{"href":"http:\/\/archeofacts.ch\/blog\/index.php?rest_route=\/wp\/v2\/pages"}],"about":[{"href":"http:\/\/archeofacts.ch\/blog\/index.php?rest_route=\/wp\/v2\/types\/page"}],"author":[{"embeddable":true,"href":"http:\/\/archeofacts.ch\/blog\/index.php?rest_route=\/wp\/v2\/users\/1"}],"replies":[{"embeddable":true,"href":"http:\/\/archeofacts.ch\/blog\/index.php?rest_route=%2Fwp%2Fv2%2Fcomments&post=675"}],"version-history":[{"count":9,"href":"http:\/\/archeofacts.ch\/blog\/index.php?rest_route=\/wp\/v2\/pages\/675\/revisions"}],"predecessor-version":[{"id":790,"href":"http:\/\/archeofacts.ch\/blog\/index.php?rest_route=\/wp\/v2\/pages\/675\/revisions\/790"}],"up":[{"embeddable":true,"href":"http:\/\/archeofacts.ch\/blog\/index.php?rest_route=\/wp\/v2\/pages\/664"}],"wp:attachment":[{"href":"http:\/\/archeofacts.ch\/blog\/index.php?rest_route=%2Fwp%2Fv2%2Fmedia&parent=675"}],"curies":[{"name":"wp","href":"https:\/\/api.w.org\/{rel}","templated":true}]}}