{"id":691,"date":"2011-06-03T23:42:13","date_gmt":"2011-06-03T23:42:13","guid":{"rendered":"http:\/\/archeofacts.ch\/blog\/?page_id=691"},"modified":"2011-06-13T15:30:33","modified_gmt":"2011-06-13T15:30:33","slug":"paper-li","status":"publish","type":"page","link":"http:\/\/archeofacts.ch\/blog\/?page_id=691","title":{"rendered":"Paper.li"},"content":{"rendered":"<p>Tenir un blog sur un sujet particulier comme celui de l\u2019arch\u00e9ologie  n\u00e9cessite un certain investissement en temps pour suivre l\u2019actualit\u00e9  dans ce domaine. Il faut pouvoir \u00eatre inform\u00e9 sur les nouvelles  d\u00e9couvertes si possible parmi les premiers, et pour cela il faut mettre  en place un r\u00e9seau de renseignement qui, \u00e0 l\u2019heure actuelle, passe  essentiellement \u00e0 travers les outils disponibles sur le web, comme les  alertes Google, les journaux en ligne, les blogs, les forums et les  moteurs de recherches. Depuis quelques temps il faut aussi y ajouter  Twitter et Facebook. Avec cette masse d\u2019information suppl\u00e9mentaire en  ligne, il devient fastidieux de tout suivre, et plus encore de choisir  un sujet \u00e0 publier pour le partager avec les internautes sur son blog,  alors que d\u2019autres en ont d\u00e9j\u00e0 publi\u00e9 un commentaire.<\/p>\n<p><a href=\"http:\/\/paper.li\/ArcheoFacts\" target=\"_blank\"><img decoding=\"async\" loading=\"lazy\" class=\"alignnone size-full wp-image-747\" title=\"ArcheoFactsJournal3\" src=\"http:\/\/archeofacts.ch\/blog\/wp-content\/uploads\/2011\/06\/ArcheoFactsJournal31.jpg\" alt=\"Arch\u00e9o Facts Paper.li\" width=\"500\" height=\"256\" srcset=\"http:\/\/archeofacts.ch\/blog\/wp-content\/uploads\/2011\/06\/ArcheoFactsJournal31.jpg 500w, http:\/\/archeofacts.ch\/blog\/wp-content\/uploads\/2011\/06\/ArcheoFactsJournal31-300x153.jpg 300w\" sizes=\"(max-width: 500px) 100vw, 500px\" \/><\/a><\/p>\n<p>Premi\u00e8re \u00e9dition de \u00ab <a href=\"http:\/\/paper.li\/ArcheoFacts\" target=\"_blank\">Arch\u00e9o Facts, le Journal<\/a> \u00bb<\/p>\n<p>Une solution \u00e9l\u00e9gante \u00e0 ce probl\u00e8me de traitement de l\u2019information est offerte par la soci\u00e9t\u00e9 SmallRivers, avec l\u2019application <a href=\"http:\/\/paper.li\/\" target=\"_blank\">Paper.li<\/a>. SmallRivers est une startup fond\u00e9e par <a href=\"http:\/\/twitter.com\/edouardlambelet\" target=\"_blank\">Edouard Lambelet<\/a> et <a href=\"http:\/\/twitter.com\/ipols\" target=\"_blank\">Iskander Pols<\/a> et h\u00e9berg\u00e9e dans l&#8217;enceinte de l&#8217;EPFL. Lanc\u00e9e l\u2019\u00e9t\u00e9 dernier,\u00a0  l&#8217;application Paper.li utilise une adresse enregistr\u00e9e au Lichtenstein  (.li) et permet d\u2019agr\u00e9ger le contenu des infos livr\u00e9es par les adresses  Twitter et Facebook auxquelles un utilisateur est abonn\u00e9 pour les lire  sous la forme d\u2019un petit journal (la terminaison li, indique aussi la  petitesse en suisse allemand). En somme, sur une seule page, se trouvent  r\u00e9sum\u00e9es l\u2019ensemble des derni\u00e8res contributions twitt\u00e9es sur le sujet  que l\u2019on souhaite suivre, et cela permet aussi de faire profiter nos  suiveurs de nos propres sources d\u2019information sans avoir besoin de les  re-twitter nous m\u00eame. Ainsi, d\u00e8s aujourd\u2019hui, j\u2019invite mes lecteurs \u00e0  s\u2019abonner \u00e0 \u00ab <a href=\"http:\/\/paper.li\/ArcheoFacts\" target=\"_blank\">Arch\u00e9o Facts, le journal<\/a> \u00bb et \u00e0 suivre quotidiennement avec moi le d\u00e9veloppement de l\u2019activit\u00e9 arch\u00e9ologique.<\/p>\n<div id=\"fb_share_1\" style=\"float: right; margin-left: 10px;\"><a name=\"fb_share\" type=\"icon_link\" share_url=\"http:\/\/archeofacts.ch\/blog\/?page_id=691\" href=\"http:\/\/www.facebook.com\/sharer.php\">Share<\/a><\/div><div><script src=\"http:\/\/static.ak.fbcdn.net\/connect.php\/js\/FB.Share\" type=\"text\/javascript\"><\/script><\/div>","protected":false},"excerpt":{"rendered":"<p>Tenir un blog sur un sujet particulier comme celui de l\u2019arch\u00e9ologie n\u00e9cessite un certain investissement en temps pour suivre l\u2019actualit\u00e9 dans ce domaine. Il faut pouvoir \u00eatre inform\u00e9 sur les nouvelles d\u00e9couvertes si possible parmi les premiers, et pour cela &hellip; <a href=\"http:\/\/archeofacts.ch\/blog\/?page_id=691\">Continue reading <span class=\"meta-nav\">&rarr;<\/span><\/a><\/p>\n","protected":false},"author":1,"featured_media":0,"parent":0,"menu_order":9,"comment_status":"open","ping_status":"open","template":"","meta":[],"_links":{"self":[{"href":"http:\/\/archeofacts.ch\/blog\/index.php?rest_route=\/wp\/v2\/pages\/691"}],"collection":[{"href":"http:\/\/archeofacts.ch\/blog\/index.php?rest_route=\/wp\/v2\/pages"}],"about":[{"href":"http:\/\/archeofacts.ch\/blog\/index.php?rest_route=\/wp\/v2\/types\/page"}],"author":[{"embeddable":true,"href":"http:\/\/archeofacts.ch\/blog\/index.php?rest_route=\/wp\/v2\/users\/1"}],"replies":[{"embeddable":true,"href":"http:\/\/archeofacts.ch\/blog\/index.php?rest_route=%2Fwp%2Fv2%2Fcomments&post=691"}],"version-history":[{"count":4,"href":"http:\/\/archeofacts.ch\/blog\/index.php?rest_route=\/wp\/v2\/pages\/691\/revisions"}],"predecessor-version":[{"id":748,"href":"http:\/\/archeofacts.ch\/blog\/index.php?rest_route=\/wp\/v2\/pages\/691\/revisions\/748"}],"wp:attachment":[{"href":"http:\/\/archeofacts.ch\/blog\/index.php?rest_route=%2Fwp%2Fv2%2Fmedia&parent=691"}],"curies":[{"name":"wp","href":"https:\/\/api.w.org\/{rel}","templated":true}]}}