{"id":709,"date":"2011-06-13T12:40:32","date_gmt":"2011-06-13T12:40:32","guid":{"rendered":"http:\/\/archeofacts.ch\/blog\/?page_id=709"},"modified":"2011-06-13T15:34:42","modified_gmt":"2011-06-13T15:34:42","slug":"realisations","status":"publish","type":"page","link":"http:\/\/archeofacts.ch\/blog\/?page_id=709","title":{"rendered":"R\u00e9alisations"},"content":{"rendered":"<p>&#8211; Musardage<\/p>\n<p>&#8211; Wiki-CAAT<\/p>\n<p>&#8211; Villa des Myst\u00e8res<\/p>\n<p>&#8211; Soci\u00e9t\u00e9 du Castrum<\/p>\n<div id=\"fb_share_1\" style=\"float: right; margin-left: 10px;\"><a name=\"fb_share\" type=\"icon_link\" share_url=\"http:\/\/archeofacts.ch\/blog\/?page_id=709\" href=\"http:\/\/www.facebook.com\/sharer.php\">Share<\/a><\/div><div><script src=\"http:\/\/static.ak.fbcdn.net\/connect.php\/js\/FB.Share\" type=\"text\/javascript\"><\/script><\/div>","protected":false},"excerpt":{"rendered":"<p>&#8211; Musardage &#8211; Wiki-CAAT &#8211; Villa des Myst\u00e8res &#8211; Soci\u00e9t\u00e9 du Castrum Share<\/p>\n","protected":false},"author":1,"featured_media":0,"parent":0,"menu_order":5,"comment_status":"open","ping_status":"open","template":"","meta":[],"_links":{"self":[{"href":"http:\/\/archeofacts.ch\/blog\/index.php?rest_route=\/wp\/v2\/pages\/709"}],"collection":[{"href":"http:\/\/archeofacts.ch\/blog\/index.php?rest_route=\/wp\/v2\/pages"}],"about":[{"href":"http:\/\/archeofacts.ch\/blog\/index.php?rest_route=\/wp\/v2\/types\/page"}],"author":[{"embeddable":true,"href":"http:\/\/archeofacts.ch\/blog\/index.php?rest_route=\/wp\/v2\/users\/1"}],"replies":[{"embeddable":true,"href":"http:\/\/archeofacts.ch\/blog\/index.php?rest_route=%2Fwp%2Fv2%2Fcomments&post=709"}],"version-history":[{"count":3,"href":"http:\/\/archeofacts.ch\/blog\/index.php?rest_route=\/wp\/v2\/pages\/709\/revisions"}],"predecessor-version":[{"id":752,"href":"http:\/\/archeofacts.ch\/blog\/index.php?rest_route=\/wp\/v2\/pages\/709\/revisions\/752"}],"wp:attachment":[{"href":"http:\/\/archeofacts.ch\/blog\/index.php?rest_route=%2Fwp%2Fv2%2Fmedia&parent=709"}],"curies":[{"name":"wp","href":"https:\/\/api.w.org\/{rel}","templated":true}]}}