{"id":712,"date":"2011-06-13T13:34:13","date_gmt":"2011-06-13T13:34:13","guid":{"rendered":"http:\/\/archeofacts.ch\/blog\/?page_id=712"},"modified":"2011-06-14T11:32:59","modified_gmt":"2011-06-14T11:32:59","slug":"musardage","status":"publish","type":"page","link":"http:\/\/archeofacts.ch\/blog\/?page_id=712","title":{"rendered":"Musardage"},"content":{"rendered":"<p>Le site Musardage essaie de r\u00e9pondre \u00e0 une question que l&#8217;on se pose  souvent le dimanche: que faire? Il donne des id\u00e9es d&#8217;excursion,  notamment des mus\u00e9es, des ch\u00e2teaux, des sites.<\/p>\n<p><a href=\"http:\/\/www.be-virtual.ch\/musardage\/\"><img decoding=\"async\" loading=\"lazy\" class=\"alignnone size-full wp-image-776\" title=\"Musardage05\" src=\"http:\/\/archeofacts.ch\/blog\/wp-content\/uploads\/2011\/06\/Musardage051.jpg\" alt=\"\" width=\"500\" height=\"311\" srcset=\"http:\/\/archeofacts.ch\/blog\/wp-content\/uploads\/2011\/06\/Musardage051.jpg 500w, http:\/\/archeofacts.ch\/blog\/wp-content\/uploads\/2011\/06\/Musardage051-300x186.jpg 300w\" sizes=\"(max-width: 500px) 100vw, 500px\" \/><\/a><\/p>\n<p>&nbsp;<\/p>\n<p>Il s&#8217;adresse aux parents qui veulent sortir les dimanches de pluie  pour  divertir leurs enfants ou qui cherchent une id\u00e9e originale pour   organiser un anniversaire. Il peut int\u00e9resser aussi tous ceux qui   souhaitent pr\u00e9parer une promenade, couples, groupes d&#8217;amis ou m\u00eame   entreprises \u00e0 la recherche d&#8217;un lieu pour la sortie annuelle.<\/p>\n<p>&nbsp;<\/p>\n<div id=\"fb_share_1\" style=\"float: right; margin-left: 10px;\"><a name=\"fb_share\" type=\"icon_link\" share_url=\"http:\/\/archeofacts.ch\/blog\/?page_id=712\" href=\"http:\/\/www.facebook.com\/sharer.php\">Share<\/a><\/div><div><script src=\"http:\/\/static.ak.fbcdn.net\/connect.php\/js\/FB.Share\" type=\"text\/javascript\"><\/script><\/div>","protected":false},"excerpt":{"rendered":"<p>Le site Musardage essaie de r\u00e9pondre \u00e0 une question que l&#8217;on se pose souvent le dimanche: que faire? Il donne des id\u00e9es d&#8217;excursion, notamment des mus\u00e9es, des ch\u00e2teaux, des sites. &nbsp; Il s&#8217;adresse aux parents qui veulent sortir les dimanches &hellip; <a href=\"http:\/\/archeofacts.ch\/blog\/?page_id=712\">Continue reading <span class=\"meta-nav\">&rarr;<\/span><\/a><\/p>\n","protected":false},"author":1,"featured_media":0,"parent":709,"menu_order":0,"comment_status":"open","ping_status":"open","template":"","meta":[],"_links":{"self":[{"href":"http:\/\/archeofacts.ch\/blog\/index.php?rest_route=\/wp\/v2\/pages\/712"}],"collection":[{"href":"http:\/\/archeofacts.ch\/blog\/index.php?rest_route=\/wp\/v2\/pages"}],"about":[{"href":"http:\/\/archeofacts.ch\/blog\/index.php?rest_route=\/wp\/v2\/types\/page"}],"author":[{"embeddable":true,"href":"http:\/\/archeofacts.ch\/blog\/index.php?rest_route=\/wp\/v2\/users\/1"}],"replies":[{"embeddable":true,"href":"http:\/\/archeofacts.ch\/blog\/index.php?rest_route=%2Fwp%2Fv2%2Fcomments&post=712"}],"version-history":[{"count":11,"href":"http:\/\/archeofacts.ch\/blog\/index.php?rest_route=\/wp\/v2\/pages\/712\/revisions"}],"predecessor-version":[{"id":778,"href":"http:\/\/archeofacts.ch\/blog\/index.php?rest_route=\/wp\/v2\/pages\/712\/revisions\/778"}],"up":[{"embeddable":true,"href":"http:\/\/archeofacts.ch\/blog\/index.php?rest_route=\/wp\/v2\/pages\/709"}],"wp:attachment":[{"href":"http:\/\/archeofacts.ch\/blog\/index.php?rest_route=%2Fwp%2Fv2%2Fmedia&parent=712"}],"curies":[{"name":"wp","href":"https:\/\/api.w.org\/{rel}","templated":true}]}}