{"id":716,"date":"2011-06-13T13:46:39","date_gmt":"2011-06-13T13:46:39","guid":{"rendered":"http:\/\/archeofacts.ch\/blog\/?page_id=716"},"modified":"2011-06-13T14:53:02","modified_gmt":"2011-06-13T14:53:02","slug":"villa-des-mysteres","status":"publish","type":"page","link":"http:\/\/archeofacts.ch\/blog\/?page_id=716","title":{"rendered":"Villa des Myst\u00e8res"},"content":{"rendered":"<p>Install\u00e9e dans un Univers 3D permanent, une reconstitution de la Villa des Myst\u00e8res permet de d\u00e9montrer les possibilit\u00e9s offertes par ce type de support \u00e0 des fins scientifiques et p\u00e9dagogiques.<\/p>\n<p>A voir dans OsGrid sur le sim Archeo Facts (25,128,31).<\/p>\n<p><a href=\"http:\/\/archeofacts.ch\/blog\/wp-content\/uploads\/2011\/06\/Mystos03.jpg\"><img decoding=\"async\" loading=\"lazy\" class=\"alignnone size-full wp-image-720\" title=\"Villa des Myst\u00e8res dans OSGrid\" src=\"http:\/\/archeofacts.ch\/blog\/wp-content\/uploads\/2011\/06\/Mystos03.jpg\" alt=\"\" width=\"500\" height=\"351\" srcset=\"http:\/\/archeofacts.ch\/blog\/wp-content\/uploads\/2011\/06\/Mystos03.jpg 500w, http:\/\/archeofacts.ch\/blog\/wp-content\/uploads\/2011\/06\/Mystos03-300x210.jpg 300w\" sizes=\"(max-width: 500px) 100vw, 500px\" \/><\/a><\/p>\n<p>&nbsp;<\/p>\n<p>&nbsp;<\/p>\n<div id=\"fb_share_1\" style=\"float: right; margin-left: 10px;\"><a name=\"fb_share\" type=\"icon_link\" share_url=\"http:\/\/archeofacts.ch\/blog\/?page_id=716\" href=\"http:\/\/www.facebook.com\/sharer.php\">Share<\/a><\/div><div><script src=\"http:\/\/static.ak.fbcdn.net\/connect.php\/js\/FB.Share\" type=\"text\/javascript\"><\/script><\/div>","protected":false},"excerpt":{"rendered":"<p>Install\u00e9e dans un Univers 3D permanent, une reconstitution de la Villa des Myst\u00e8res permet de d\u00e9montrer les possibilit\u00e9s offertes par ce type de support \u00e0 des fins scientifiques et p\u00e9dagogiques. A voir dans OsGrid sur le sim Archeo Facts (25,128,31). &hellip; <a href=\"http:\/\/archeofacts.ch\/blog\/?page_id=716\">Continue reading <span class=\"meta-nav\">&rarr;<\/span><\/a><\/p>\n","protected":false},"author":1,"featured_media":0,"parent":709,"menu_order":3,"comment_status":"open","ping_status":"open","template":"","meta":[],"_links":{"self":[{"href":"http:\/\/archeofacts.ch\/blog\/index.php?rest_route=\/wp\/v2\/pages\/716"}],"collection":[{"href":"http:\/\/archeofacts.ch\/blog\/index.php?rest_route=\/wp\/v2\/pages"}],"about":[{"href":"http:\/\/archeofacts.ch\/blog\/index.php?rest_route=\/wp\/v2\/types\/page"}],"author":[{"embeddable":true,"href":"http:\/\/archeofacts.ch\/blog\/index.php?rest_route=\/wp\/v2\/users\/1"}],"replies":[{"embeddable":true,"href":"http:\/\/archeofacts.ch\/blog\/index.php?rest_route=%2Fwp%2Fv2%2Fcomments&post=716"}],"version-history":[{"count":9,"href":"http:\/\/archeofacts.ch\/blog\/index.php?rest_route=\/wp\/v2\/pages\/716\/revisions"}],"predecessor-version":[{"id":740,"href":"http:\/\/archeofacts.ch\/blog\/index.php?rest_route=\/wp\/v2\/pages\/716\/revisions\/740"}],"up":[{"embeddable":true,"href":"http:\/\/archeofacts.ch\/blog\/index.php?rest_route=\/wp\/v2\/pages\/709"}],"wp:attachment":[{"href":"http:\/\/archeofacts.ch\/blog\/index.php?rest_route=%2Fwp%2Fv2%2Fmedia&parent=716"}],"curies":[{"name":"wp","href":"https:\/\/api.w.org\/{rel}","templated":true}]}}