{"id":680,"date":"2011-06-03T23:07:02","date_gmt":"2011-06-03T23:07:02","guid":{"rendered":"http:\/\/archeofacts.ch\/blog\/?page_id=680"},"modified":"2011-06-14T15:02:19","modified_gmt":"2011-06-14T15:02:19","slug":"mediation","status":"publish","type":"page","link":"https:\/\/archeofacts.ch\/blog\/?page_id=680","title":{"rendered":"M\u00e9diation"},"content":{"rendered":"<p>Le transfert des connaissances sp\u00e9cialis\u00e9es en direction du grand public peut se faire au moyen d&#8217;une m\u00e9diation culturelle organis\u00e9e autours d&#8217;\u00e9v\u00e9nements. Ces \u00e9v\u00e9nements peuvent se faire dans le monde r\u00e9el mais \u00e9galement \u00e0 travers internet, dans des univers virtuels.<\/p>\n<p><a href=\"http:\/\/archeofacts.ch\/blog\/?p=169\" target=\"_blank\"><img decoding=\"async\" loading=\"lazy\" class=\"alignnone size-full wp-image-796\" title=\"FouilleSL\" src=\"http:\/\/archeofacts.ch\/blog\/wp-content\/uploads\/2011\/06\/FouilleSL.jpg\" alt=\"\" width=\"1024\" height=\"768\" srcset=\"https:\/\/archeofacts.ch\/blog\/wp-content\/uploads\/2011\/06\/FouilleSL.jpg 1024w, https:\/\/archeofacts.ch\/blog\/wp-content\/uploads\/2011\/06\/FouilleSL-300x225.jpg 300w\" sizes=\"(max-width: 1024px) 100vw, 1024px\" \/><\/a><\/p>\n<p>Une fouille arch\u00e9ologique expliqu\u00e9e dans Second Life<\/p>\n<div id=\"fb_share_1\" style=\"float: right; margin-left: 10px;\"><a name=\"fb_share\" type=\"icon_link\" share_url=\"https:\/\/archeofacts.ch\/blog\/?page_id=680\" href=\"http:\/\/www.facebook.com\/sharer.php\">Share<\/a><\/div><div><script src=\"http:\/\/static.ak.fbcdn.net\/connect.php\/js\/FB.Share\" type=\"text\/javascript\"><\/script><\/div>","protected":false},"excerpt":{"rendered":"<p>Le transfert des connaissances sp\u00e9cialis\u00e9es en direction du grand public peut se faire au moyen d&#8217;une m\u00e9diation culturelle organis\u00e9e autours d&#8217;\u00e9v\u00e9nements. Ces \u00e9v\u00e9nements peuvent se faire dans le monde r\u00e9el mais \u00e9galement \u00e0 travers internet, dans des univers virtuels. Une &hellip; <a href=\"https:\/\/archeofacts.ch\/blog\/?page_id=680\">Continue reading <span class=\"meta-nav\">&rarr;<\/span><\/a><\/p>\n","protected":false},"author":1,"featured_media":0,"parent":664,"menu_order":4,"comment_status":"open","ping_status":"open","template":"","meta":[],"_links":{"self":[{"href":"https:\/\/archeofacts.ch\/blog\/index.php?rest_route=\/wp\/v2\/pages\/680"}],"collection":[{"href":"https:\/\/archeofacts.ch\/blog\/index.php?rest_route=\/wp\/v2\/pages"}],"about":[{"href":"https:\/\/archeofacts.ch\/blog\/index.php?rest_route=\/wp\/v2\/types\/page"}],"author":[{"embeddable":true,"href":"https:\/\/archeofacts.ch\/blog\/index.php?rest_route=\/wp\/v2\/users\/1"}],"replies":[{"embeddable":true,"href":"https:\/\/archeofacts.ch\/blog\/index.php?rest_route=%2Fwp%2Fv2%2Fcomments&post=680"}],"version-history":[{"count":4,"href":"https:\/\/archeofacts.ch\/blog\/index.php?rest_route=\/wp\/v2\/pages\/680\/revisions"}],"predecessor-version":[{"id":798,"href":"https:\/\/archeofacts.ch\/blog\/index.php?rest_route=\/wp\/v2\/pages\/680\/revisions\/798"}],"up":[{"embeddable":true,"href":"https:\/\/archeofacts.ch\/blog\/index.php?rest_route=\/wp\/v2\/pages\/664"}],"wp:attachment":[{"href":"https:\/\/archeofacts.ch\/blog\/index.php?rest_route=%2Fwp%2Fv2%2Fmedia&parent=680"}],"curies":[{"name":"wp","href":"https:\/\/api.w.org\/{rel}","templated":true}]}}