{"id":683,"date":"2011-06-03T23:11:42","date_gmt":"2011-06-03T23:11:42","guid":{"rendered":"http:\/\/archeofacts.ch\/blog\/?page_id=683"},"modified":"2014-02-16T16:12:31","modified_gmt":"2014-02-16T16:12:31","slug":"site-internet","status":"publish","type":"page","link":"https:\/\/archeofacts.ch\/blog\/?page_id=683","title":{"rendered":"Site Internet"},"content":{"rendered":"<p>Nous pouvons vous aider \u00e0 d\u00e9velopper votre strat\u00e9gie de communication sur le net. <a href=\"http:\/\/musardage.ch\/medias-sociaux\/\" target=\"_blank\"><strong>Musardage<\/strong><\/a> poss\u00e8de des comp\u00e9tences dans le domaine du webpublishing, et peut cr\u00e9er pour vous un site Internet statique ou dynamique. Nous pouvons \u00e9galement vous r\u00e9server votre nom de domaine, l&#8217;h\u00e9berger, et vous cr\u00e9er des adresses e-mail personnalis\u00e9es. Une fois les plateformes mises en place, vous pourrez vous-m\u00eames vous charger de sa mise \u00e0 jour ou nous confier un mandat de maintenance.<\/p>\n<p><a href=\"http:\/\/www.ceramostratigraphie.ch\/\" target=\"_blank\"><img decoding=\"async\" loading=\"lazy\" class=\"alignnone size-full wp-image-792\" title=\"Ceramo02\" alt=\"Ceramostratigraphie.ch\" src=\"http:\/\/archeofacts.ch\/blog\/wp-content\/uploads\/2011\/06\/Ceramo02.jpg\" width=\"812\" height=\"555\" srcset=\"https:\/\/archeofacts.ch\/blog\/wp-content\/uploads\/2011\/06\/Ceramo02.jpg 812w, https:\/\/archeofacts.ch\/blog\/wp-content\/uploads\/2011\/06\/Ceramo02-300x205.jpg 300w\" sizes=\"(max-width: 812px) 100vw, 812px\" \/><\/a><\/p>\n<div id=\"fb_share_1\" style=\"float: right; margin-left: 10px;\"><a name=\"fb_share\" type=\"icon_link\" share_url=\"https:\/\/archeofacts.ch\/blog\/?page_id=683\" href=\"http:\/\/www.facebook.com\/sharer.php\">Share<\/a><\/div><div><script src=\"http:\/\/static.ak.fbcdn.net\/connect.php\/js\/FB.Share\" type=\"text\/javascript\"><\/script><\/div>","protected":false},"excerpt":{"rendered":"<p>Nous pouvons vous aider \u00e0 d\u00e9velopper votre strat\u00e9gie de communication sur le net. Musardage poss\u00e8de des comp\u00e9tences dans le domaine du webpublishing, et peut cr\u00e9er pour vous un site Internet statique ou dynamique. Nous pouvons \u00e9galement vous r\u00e9server votre nom &hellip; <a href=\"https:\/\/archeofacts.ch\/blog\/?page_id=683\">Continue reading <span class=\"meta-nav\">&rarr;<\/span><\/a><\/p>\n","protected":false},"author":1,"featured_media":0,"parent":664,"menu_order":5,"comment_status":"open","ping_status":"open","template":"","meta":[],"_links":{"self":[{"href":"https:\/\/archeofacts.ch\/blog\/index.php?rest_route=\/wp\/v2\/pages\/683"}],"collection":[{"href":"https:\/\/archeofacts.ch\/blog\/index.php?rest_route=\/wp\/v2\/pages"}],"about":[{"href":"https:\/\/archeofacts.ch\/blog\/index.php?rest_route=\/wp\/v2\/types\/page"}],"author":[{"embeddable":true,"href":"https:\/\/archeofacts.ch\/blog\/index.php?rest_route=\/wp\/v2\/users\/1"}],"replies":[{"embeddable":true,"href":"https:\/\/archeofacts.ch\/blog\/index.php?rest_route=%2Fwp%2Fv2%2Fcomments&post=683"}],"version-history":[{"count":8,"href":"https:\/\/archeofacts.ch\/blog\/index.php?rest_route=\/wp\/v2\/pages\/683\/revisions"}],"predecessor-version":[{"id":1248,"href":"https:\/\/archeofacts.ch\/blog\/index.php?rest_route=\/wp\/v2\/pages\/683\/revisions\/1248"}],"up":[{"embeddable":true,"href":"https:\/\/archeofacts.ch\/blog\/index.php?rest_route=\/wp\/v2\/pages\/664"}],"wp:attachment":[{"href":"https:\/\/archeofacts.ch\/blog\/index.php?rest_route=%2Fwp%2Fv2%2Fmedia&parent=683"}],"curies":[{"name":"wp","href":"https:\/\/api.w.org\/{rel}","templated":true}]}}