{"id":727,"date":"2011-06-13T14:03:20","date_gmt":"2011-06-13T14:03:20","guid":{"rendered":"http:\/\/archeofacts.ch\/blog\/?page_id=727"},"modified":"2011-06-14T11:56:50","modified_gmt":"2011-06-14T11:56:50","slug":"societe-du-castrum","status":"publish","type":"page","link":"https:\/\/archeofacts.ch\/blog\/?page_id=727","title":{"rendered":"Soci\u00e9t\u00e9 du Castrum"},"content":{"rendered":"<p>R\u00e9alisation du site Internet pour la Soci\u00e9t\u00e9 du Castrum d&#8217;Yverdon-les-Bains.<\/p>\n<p><a href=\"http:\/\/www.castrum-yverdon.ch\/\"><img decoding=\"async\" loading=\"lazy\" class=\"alignnone size-full wp-image-783\" title=\"Castrum05\" src=\"http:\/\/archeofacts.ch\/blog\/wp-content\/uploads\/2011\/06\/Castrum05.jpg\" alt=\"Soci\u00e9t\u00e9 du Castrum\" width=\"500\" height=\"364\" srcset=\"https:\/\/archeofacts.ch\/blog\/wp-content\/uploads\/2011\/06\/Castrum05.jpg 500w, https:\/\/archeofacts.ch\/blog\/wp-content\/uploads\/2011\/06\/Castrum05-300x218.jpg 300w\" sizes=\"(max-width: 500px) 100vw, 500px\" \/><\/a><\/p>\n<p>&nbsp;<\/p>\n<div id=\"fb_share_1\" style=\"float: right; margin-left: 10px;\"><a name=\"fb_share\" type=\"icon_link\" share_url=\"https:\/\/archeofacts.ch\/blog\/?page_id=727\" href=\"http:\/\/www.facebook.com\/sharer.php\">Share<\/a><\/div><div><script src=\"http:\/\/static.ak.fbcdn.net\/connect.php\/js\/FB.Share\" type=\"text\/javascript\"><\/script><\/div>","protected":false},"excerpt":{"rendered":"<p>R\u00e9alisation du site Internet pour la Soci\u00e9t\u00e9 du Castrum d&#8217;Yverdon-les-Bains. &nbsp; Share<\/p>\n","protected":false},"author":1,"featured_media":0,"parent":709,"menu_order":4,"comment_status":"open","ping_status":"open","template":"","meta":[],"_links":{"self":[{"href":"https:\/\/archeofacts.ch\/blog\/index.php?rest_route=\/wp\/v2\/pages\/727"}],"collection":[{"href":"https:\/\/archeofacts.ch\/blog\/index.php?rest_route=\/wp\/v2\/pages"}],"about":[{"href":"https:\/\/archeofacts.ch\/blog\/index.php?rest_route=\/wp\/v2\/types\/page"}],"author":[{"embeddable":true,"href":"https:\/\/archeofacts.ch\/blog\/index.php?rest_route=\/wp\/v2\/users\/1"}],"replies":[{"embeddable":true,"href":"https:\/\/archeofacts.ch\/blog\/index.php?rest_route=%2Fwp%2Fv2%2Fcomments&post=727"}],"version-history":[{"count":7,"href":"https:\/\/archeofacts.ch\/blog\/index.php?rest_route=\/wp\/v2\/pages\/727\/revisions"}],"predecessor-version":[{"id":791,"href":"https:\/\/archeofacts.ch\/blog\/index.php?rest_route=\/wp\/v2\/pages\/727\/revisions\/791"}],"up":[{"embeddable":true,"href":"https:\/\/archeofacts.ch\/blog\/index.php?rest_route=\/wp\/v2\/pages\/709"}],"wp:attachment":[{"href":"https:\/\/archeofacts.ch\/blog\/index.php?rest_route=%2Fwp%2Fv2%2Fmedia&parent=727"}],"curies":[{"name":"wp","href":"https:\/\/api.w.org\/{rel}","templated":true}]}}