{"id":749,"date":"2011-06-13T15:33:46","date_gmt":"2011-06-13T15:33:46","guid":{"rendered":"http:\/\/archeofacts.ch\/blog\/?page_id=749"},"modified":"2011-09-18T20:40:20","modified_gmt":"2011-09-18T20:40:20","slug":"reseaux-sociaux","status":"publish","type":"page","link":"https:\/\/archeofacts.ch\/blog\/?page_id=749","title":{"rendered":"R\u00e9seaux sociaux"},"content":{"rendered":"<p>Arch\u00e9o Facts est \u00e9galement pr\u00e9sent sur les r\u00e9seaux sociaux suivants:<\/p>\n<p>&#8211; Facebook<\/p>\n<p>&#8211; Twitter<\/p>\n<p>&#8211; Flickr<\/p>\n<div id=\"fb_share_1\" style=\"float: right; margin-left: 10px;\"><a name=\"fb_share\" type=\"icon_link\" share_url=\"https:\/\/archeofacts.ch\/blog\/?page_id=749\" href=\"http:\/\/www.facebook.com\/sharer.php\">Share<\/a><\/div><div><script src=\"http:\/\/static.ak.fbcdn.net\/connect.php\/js\/FB.Share\" type=\"text\/javascript\"><\/script><\/div>","protected":false},"excerpt":{"rendered":"<p>Arch\u00e9o Facts est \u00e9galement pr\u00e9sent sur les r\u00e9seaux sociaux suivants: &#8211; Facebook &#8211; Twitter &#8211; Flickr Share<\/p>\n","protected":false},"author":1,"featured_media":0,"parent":0,"menu_order":6,"comment_status":"open","ping_status":"open","template":"","meta":[],"_links":{"self":[{"href":"https:\/\/archeofacts.ch\/blog\/index.php?rest_route=\/wp\/v2\/pages\/749"}],"collection":[{"href":"https:\/\/archeofacts.ch\/blog\/index.php?rest_route=\/wp\/v2\/pages"}],"about":[{"href":"https:\/\/archeofacts.ch\/blog\/index.php?rest_route=\/wp\/v2\/types\/page"}],"author":[{"embeddable":true,"href":"https:\/\/archeofacts.ch\/blog\/index.php?rest_route=\/wp\/v2\/users\/1"}],"replies":[{"embeddable":true,"href":"https:\/\/archeofacts.ch\/blog\/index.php?rest_route=%2Fwp%2Fv2%2Fcomments&post=749"}],"version-history":[{"count":6,"href":"https:\/\/archeofacts.ch\/blog\/index.php?rest_route=\/wp\/v2\/pages\/749\/revisions"}],"predecessor-version":[{"id":897,"href":"https:\/\/archeofacts.ch\/blog\/index.php?rest_route=\/wp\/v2\/pages\/749\/revisions\/897"}],"wp:attachment":[{"href":"https:\/\/archeofacts.ch\/blog\/index.php?rest_route=%2Fwp%2Fv2%2Fmedia&parent=749"}],"curies":[{"name":"wp","href":"https:\/\/api.w.org\/{rel}","templated":true}]}}